{"id":499,"date":"2024-04-26T19:21:22","date_gmt":"2024-04-26T19:21:22","guid":{"rendered":"https:\/\/shop.stpt99.com\/?page_id=499"},"modified":"2024-07-04T07:32:45","modified_gmt":"2024-07-04T07:32:45","slug":"video","status":"publish","type":"page","link":"https:\/\/shop.stpt99.com\/index.php\/video\/","title":{"rendered":"Video"},"content":{"rendered":"\t\t<div data-elementor-type=\"wp-page\" data-elementor-id=\"499\" class=\"elementor elementor-499\" data-elementor-post-type=\"page\">\n\t\t\t\t<div class=\"elementor-element elementor-element-fff715a e-flex e-con-boxed e-con e-parent\" data-id=\"fff715a\" data-element_type=\"container\">\n\t\t\t\t\t<div class=\"e-con-inner\">\n\t\t\t\t<div class=\"elementor-element elementor-element-61f8002 elementor-widget elementor-widget-html\" data-id=\"61f8002\" data-element_type=\"widget\" data-widget_type=\"html.default\">\n\t\t\t\t<div class=\"elementor-widget-container\">\n\t\t\t<div class=\"epyt-gallery\" data-currpage=\"1\" id=\"epyt_gallery_67499\"><iframe  id=\"_ytid_62689\"  width=\"800\" height=\"450\"  data-origwidth=\"800\" data-origheight=\"450\" src=\"https:\/\/www.youtube.com\/embed\/J8Ei2u3z0UI?enablejsapi=1&autoplay=0&cc_load_policy=0&iv_load_policy=1&loop=0&modestbranding=0&fs=1&playsinline=0&controls=1&color=red&cc_lang_pref=&rel=1&autohide=2&theme=dark&\" class=\"__youtube_prefs__  no-lazyload\" title=\"YouTube player\"  data-epytgalleryid=\"epyt_gallery_67499\"  allow=\"fullscreen; accelerometer; autoplay; clipboard-write; encrypted-media; gyroscope; picture-in-picture\" allowfullscreen data-no-lazy=\"1\" data-skipgform_ajax_framebjll=\"\"><\/iframe><div class=\"epyt-gallery-list\"><div class=\"epyt-pagination \"><div tabindex=\"0\" role=\"button\" class=\"epyt-pagebutton epyt-prev  hide \" data-playlistid=\"UULFBve-6_kIf15BzF06DRZCQA\" data-pagesize=\"15\" data-pagetoken=\"\" data-epcolumns=\"3\" data-showtitle=\"1\" data-showpaging=\"1\" data-autonext=\"0\" data-thumbplay=\"1\"><div class=\"epyt-arrow\">&laquo;<\/div> <div>Prev<\/div><\/div><div class=\"epyt-pagenumbers hide\"><div class=\"epyt-current\">1<\/div><div class=\"epyt-pageseparator\"> \/ <\/div><div class=\"epyt-totalpages\">1<\/div><\/div><div tabindex=\"0\" role=\"button\" class=\"epyt-pagebutton epyt-next hide \" data-playlistid=\"UULFBve-6_kIf15BzF06DRZCQA\" data-pagesize=\"15\" data-pagetoken=\"\" data-epcolumns=\"3\" data-showtitle=\"1\" data-showpaging=\"1\" data-autonext=\"0\" data-thumbplay=\"1\"><div>Next<\/div> <div class=\"epyt-arrow\">&raquo;<\/div><\/div><div class=\"epyt-loader\"><img decoding=\"async\" alt=\"loading\" width=\"16\" height=\"11\" src=\"https:\/\/shop.stpt99.com\/wp-content\/plugins\/youtube-embed-plus\/images\/gallery-page-loader.gif\"><\/div><\/div><div class=\"epyt-gallery-allthumbs  epyt-cols-3 \"><div tabindex=\"0\" role=\"button\" data-videoid=\"J8Ei2u3z0UI\" class=\"epyt-gallery-thumb\"><div class=\"epyt-gallery-img-box\"><div class=\"epyt-gallery-img\" style=\"background-image: url(https:\/\/i.ytimg.com\/vi\/J8Ei2u3z0UI\/hqdefault.jpg)\"><div class=\"epyt-gallery-playhover\"><img decoding=\"async\" alt=\"play\" class=\"epyt-play-img\" width=\"30\" height=\"23\" src=\"https:\/\/shop.stpt99.com\/wp-content\/plugins\/youtube-embed-plus\/images\/playhover.png\" data-no-lazy=\"1\" data-skipgform_ajax_framebjll=\"\" \/><div class=\"epyt-gallery-playcrutch\"><\/div><\/div><\/div><\/div><div class=\"epyt-gallery-title\">H\u1ed8 NG\u1ed8   B\u1ee8T PH\u00c1   S\u1eaeC M\u00c0U<\/div><\/div><div tabindex=\"0\" role=\"button\" data-videoid=\"FDFCjiVeJNg\" class=\"epyt-gallery-thumb\"><div class=\"epyt-gallery-img-box\"><div class=\"epyt-gallery-img\" style=\"background-image: url(https:\/\/i.ytimg.com\/vi\/FDFCjiVeJNg\/hqdefault.jpg)\"><div class=\"epyt-gallery-playhover\"><img decoding=\"async\" alt=\"play\" class=\"epyt-play-img\" width=\"30\" height=\"23\" src=\"https:\/\/shop.stpt99.com\/wp-content\/plugins\/youtube-embed-plus\/images\/playhover.png\" data-no-lazy=\"1\" data-skipgform_ajax_framebjll=\"\" \/><div class=\"epyt-gallery-playcrutch\"><\/div><\/div><\/div><\/div><div class=\"epyt-gallery-title\">\ud835\udc07\ud835\udc08\ud835\udc06\ud835\udc07\ud835\udc0b\ud835\udc08\ud835\udc06\ud835\udc07\ud835\udc13 |   SI\u00caU TH\u1eca PH\u1ee4 T\u00d9NG FC \ud83c\udd9a L\u01af\u01a0NG HO\u00c0 FC<\/div><\/div><div tabindex=\"0\" role=\"button\" data-videoid=\"gv7MU2MO6Nc\" class=\"epyt-gallery-thumb\"><div class=\"epyt-gallery-img-box\"><div class=\"epyt-gallery-img\" style=\"background-image: url(https:\/\/i.ytimg.com\/vi\/gv7MU2MO6Nc\/hqdefault.jpg)\"><div class=\"epyt-gallery-playhover\"><img decoding=\"async\" alt=\"play\" class=\"epyt-play-img\" width=\"30\" height=\"23\" src=\"https:\/\/shop.stpt99.com\/wp-content\/plugins\/youtube-embed-plus\/images\/playhover.png\" data-no-lazy=\"1\" data-skipgform_ajax_framebjll=\"\" \/><div class=\"epyt-gallery-playcrutch\"><\/div><\/div><\/div><\/div><div class=\"epyt-gallery-title\">SI\u00caU TH\u1eca PH\u1ee4 T\u00d9NG \u0110\u01a1n V\u1ecb Ph\u00e2n Ph\u1ed1i - TAY BI\u00caN GPP - CHENSHEN<\/div><\/div><div class=\"epyt-gallery-rowbreak\"><\/div><div tabindex=\"0\" role=\"button\" data-videoid=\"lxEel0a_pyE\" class=\"epyt-gallery-thumb\"><div class=\"epyt-gallery-img-box\"><div class=\"epyt-gallery-img\" style=\"background-image: url(https:\/\/i.ytimg.com\/vi\/lxEel0a_pyE\/hqdefault.jpg)\"><div class=\"epyt-gallery-playhover\"><img decoding=\"async\" alt=\"play\" class=\"epyt-play-img\" width=\"30\" height=\"23\" src=\"https:\/\/shop.stpt99.com\/wp-content\/plugins\/youtube-embed-plus\/images\/playhover.png\" data-no-lazy=\"1\" data-skipgform_ajax_framebjll=\"\" \/><div class=\"epyt-gallery-playcrutch\"><\/div><\/div><\/div><\/div><div class=\"epyt-gallery-title\">CH\u00c0O M\u1eeaNG QU\u1ed0C KH\u00c1NH 2-9<\/div><\/div><div tabindex=\"0\" role=\"button\" data-videoid=\"xsgD_c7cNOA\" class=\"epyt-gallery-thumb\"><div class=\"epyt-gallery-img-box\"><div class=\"epyt-gallery-img\" style=\"background-image: url(https:\/\/i.ytimg.com\/vi\/xsgD_c7cNOA\/hqdefault.jpg)\"><div class=\"epyt-gallery-playhover\"><img decoding=\"async\" alt=\"play\" class=\"epyt-play-img\" width=\"30\" height=\"23\" src=\"https:\/\/shop.stpt99.com\/wp-content\/plugins\/youtube-embed-plus\/images\/playhover.png\" data-no-lazy=\"1\" data-skipgform_ajax_framebjll=\"\" \/><div class=\"epyt-gallery-playcrutch\"><\/div><\/div><\/div><\/div><div class=\"epyt-gallery-title\">Review L\u1ed1p Nh\u1eadp Kh\u1ea9u  Champion | Made In Thailand cho xe PKN, Exiter 150,  SH150i v\u00e0 Xe Ph\u1ed5 Th\u00f4ng ..<\/div><\/div><div tabindex=\"0\" role=\"button\" data-videoid=\"lgMS0mF9Lf4\" class=\"epyt-gallery-thumb\"><div class=\"epyt-gallery-img-box\"><div class=\"epyt-gallery-img\" style=\"background-image: url(https:\/\/i.ytimg.com\/vi\/lgMS0mF9Lf4\/hqdefault.jpg)\"><div class=\"epyt-gallery-playhover\"><img decoding=\"async\" alt=\"play\" class=\"epyt-play-img\" width=\"30\" height=\"23\" src=\"https:\/\/shop.stpt99.com\/wp-content\/plugins\/youtube-embed-plus\/images\/playhover.png\" data-no-lazy=\"1\" data-skipgform_ajax_framebjll=\"\" \/><div class=\"epyt-gallery-playcrutch\"><\/div><\/div><\/div><\/div><div class=\"epyt-gallery-title\">QUY TR\u00ccNH x\u1eed l\u00fd b\u1ec1 m\u1eb7t tr\u01b0\u1edbc khi s\u01a1n |   S\u01a0N PHUN SAMURAI \u29f8 KUROBUSHI c\u00f9ng SI\u00caU TH\u1eca PH\u1ee4 T\u00d9NG<\/div><\/div><div class=\"epyt-gallery-rowbreak\"><\/div><div tabindex=\"0\" role=\"button\" data-videoid=\"nkCo2c9YuYg\" class=\"epyt-gallery-thumb\"><div class=\"epyt-gallery-img-box\"><div class=\"epyt-gallery-img\" style=\"background-image: url(https:\/\/i.ytimg.com\/vi\/nkCo2c9YuYg\/hqdefault.jpg)\"><div class=\"epyt-gallery-playhover\"><img decoding=\"async\" alt=\"play\" class=\"epyt-play-img\" width=\"30\" height=\"23\" src=\"https:\/\/shop.stpt99.com\/wp-content\/plugins\/youtube-embed-plus\/images\/playhover.png\" data-no-lazy=\"1\" data-skipgform_ajax_framebjll=\"\" \/><div class=\"epyt-gallery-playcrutch\"><\/div><\/div><\/div><\/div><div class=\"epyt-gallery-title\">\ud83c\udfcd\ud83d\udef5 SI\u00caU TH\u1eca PH\u1ee4 T\u00d9NG  \ud83c\udfcd\ud83d\udef5 \ud83d\udcaf NH\u00c0 PH\u00c2N PH\u1ed0I PH\u1ee4 T\u00d9NG CH\u00cdNH H\u00c3NG<\/div><\/div><div tabindex=\"0\" role=\"button\" data-videoid=\"bHK2UvzYxcE\" class=\"epyt-gallery-thumb\"><div class=\"epyt-gallery-img-box\"><div class=\"epyt-gallery-img\" style=\"background-image: url(https:\/\/i.ytimg.com\/vi\/bHK2UvzYxcE\/hqdefault.jpg)\"><div class=\"epyt-gallery-playhover\"><img decoding=\"async\" alt=\"play\" class=\"epyt-play-img\" width=\"30\" height=\"23\" src=\"https:\/\/shop.stpt99.com\/wp-content\/plugins\/youtube-embed-plus\/images\/playhover.png\" data-no-lazy=\"1\" data-skipgform_ajax_framebjll=\"\" \/><div class=\"epyt-gallery-playcrutch\"><\/div><\/div><\/div><\/div><div class=\"epyt-gallery-title\">\ud835\udc07\ud835\udc08\ud835\udc06\ud835\udc07\ud835\udc0b\ud835\udc08\ud835\udc06\ud835\udc07\ud835\udc13 | CLB TH\u00c0NH PH\u1ed0 LONG KIM FC \ud83c\udd9a SI\u00caU TH\u1eca PH\u1ee4 T\u00d9NG FC<\/div><\/div><div tabindex=\"0\" role=\"button\" data-videoid=\"Ee4SoDk6NGE\" class=\"epyt-gallery-thumb\"><div class=\"epyt-gallery-img-box\"><div class=\"epyt-gallery-img\" style=\"background-image: url(https:\/\/i.ytimg.com\/vi\/Ee4SoDk6NGE\/hqdefault.jpg)\"><div class=\"epyt-gallery-playhover\"><img decoding=\"async\" alt=\"play\" class=\"epyt-play-img\" width=\"30\" height=\"23\" src=\"https:\/\/shop.stpt99.com\/wp-content\/plugins\/youtube-embed-plus\/images\/playhover.png\" data-no-lazy=\"1\" data-skipgform_ajax_framebjll=\"\" \/><div class=\"epyt-gallery-playcrutch\"><\/div><\/div><\/div><\/div><div class=\"epyt-gallery-title\">CLB TH\u00c0NH PH\u1ed0 LONG KIM FC  V\/S  SI\u00caU TH\u1eca PH\u1ee4 T\u00d9NG FC<\/div><\/div><div class=\"epyt-gallery-rowbreak\"><\/div><div tabindex=\"0\" role=\"button\" data-videoid=\"6RDvOBeXosw\" class=\"epyt-gallery-thumb\"><div class=\"epyt-gallery-img-box\"><div class=\"epyt-gallery-img\" style=\"background-image: url(https:\/\/i.ytimg.com\/vi\/6RDvOBeXosw\/hqdefault.jpg)\"><div class=\"epyt-gallery-playhover\"><img decoding=\"async\" alt=\"play\" class=\"epyt-play-img\" width=\"30\" height=\"23\" src=\"https:\/\/shop.stpt99.com\/wp-content\/plugins\/youtube-embed-plus\/images\/playhover.png\" data-no-lazy=\"1\" data-skipgform_ajax_framebjll=\"\" \/><div class=\"epyt-gallery-playcrutch\"><\/div><\/div><\/div><\/div><div class=\"epyt-gallery-title\">D\u1ea7u Nh\u1edbt PETROLIMEX \u0111\u00e3 c\u00f3 m\u1eb7t t\u1ea1i Si\u00eau Th\u1ecb Ph\u1ee5 T\u00f9ng<\/div><\/div><div tabindex=\"0\" role=\"button\" data-videoid=\"7AL5J1FFGa4\" class=\"epyt-gallery-thumb\"><div class=\"epyt-gallery-img-box\"><div class=\"epyt-gallery-img\" style=\"background-image: url(https:\/\/i.ytimg.com\/vi\/7AL5J1FFGa4\/hqdefault.jpg)\"><div class=\"epyt-gallery-playhover\"><img decoding=\"async\" alt=\"play\" class=\"epyt-play-img\" width=\"30\" height=\"23\" src=\"https:\/\/shop.stpt99.com\/wp-content\/plugins\/youtube-embed-plus\/images\/playhover.png\" data-no-lazy=\"1\" data-skipgform_ajax_framebjll=\"\" \/><div class=\"epyt-gallery-playcrutch\"><\/div><\/div><\/div><\/div><div class=\"epyt-gallery-title\">\ud83d\udce2\ud83d\udce2 SI\u00caU TH\u1eca PH\u1ee4 T\u00d9NG 99 \ud83c\udfcd\ufe0f\ud83d\udef5<\/div><\/div><div class=\"epyt-gallery-clear\"><\/div><\/div><div class=\"epyt-pagination \"><div tabindex=\"0\" role=\"button\" class=\"epyt-pagebutton epyt-prev  hide \" data-playlistid=\"UULFBve-6_kIf15BzF06DRZCQA\" data-pagesize=\"15\" data-pagetoken=\"\" data-epcolumns=\"3\" data-showtitle=\"1\" data-showpaging=\"1\" data-autonext=\"0\" data-thumbplay=\"1\"><div class=\"epyt-arrow\">&laquo;<\/div> <div>Prev<\/div><\/div><div class=\"epyt-pagenumbers hide\"><div class=\"epyt-current\">1<\/div><div class=\"epyt-pageseparator\"> \/ <\/div><div class=\"epyt-totalpages\">1<\/div><\/div><div tabindex=\"0\" role=\"button\" class=\"epyt-pagebutton epyt-next hide \" data-playlistid=\"UULFBve-6_kIf15BzF06DRZCQA\" data-pagesize=\"15\" data-pagetoken=\"\" data-epcolumns=\"3\" data-showtitle=\"1\" data-showpaging=\"1\" data-autonext=\"0\" data-thumbplay=\"1\"><div>Next<\/div> <div class=\"epyt-arrow\">&raquo;<\/div><\/div><div class=\"epyt-loader\"><img decoding=\"async\" alt=\"loading\" width=\"16\" height=\"11\" src=\"https:\/\/shop.stpt99.com\/wp-content\/plugins\/youtube-embed-plus\/images\/gallery-page-loader.gif\"><\/div><\/div><\/div><\/div>\t\t<\/div>\n\t\t\t\t<\/div>\n\t\t\t\t\t<\/div>\n\t\t\t\t<\/div>\n\t\t\t\t<\/div>\n\t\t","protected":false},"excerpt":{"rendered":"","protected":false},"author":1,"featured_media":0,"parent":0,"menu_order":0,"comment_status":"closed","ping_status":"closed","template":"","meta":{"footnotes":""},"class_list":["post-499","page","type-page","status-publish","hentry"],"_links":{"self":[{"href":"https:\/\/shop.stpt99.com\/index.php\/wp-json\/wp\/v2\/pages\/499","targetHints":{"allow":["GET"]}}],"collection":[{"href":"https:\/\/shop.stpt99.com\/index.php\/wp-json\/wp\/v2\/pages"}],"about":[{"href":"https:\/\/shop.stpt99.com\/index.php\/wp-json\/wp\/v2\/types\/page"}],"author":[{"embeddable":true,"href":"https:\/\/shop.stpt99.com\/index.php\/wp-json\/wp\/v2\/users\/1"}],"replies":[{"embeddable":true,"href":"https:\/\/shop.stpt99.com\/index.php\/wp-json\/wp\/v2\/comments?post=499"}],"version-history":[{"count":14,"href":"https:\/\/shop.stpt99.com\/index.php\/wp-json\/wp\/v2\/pages\/499\/revisions"}],"predecessor-version":[{"id":1312,"href":"https:\/\/shop.stpt99.com\/index.php\/wp-json\/wp\/v2\/pages\/499\/revisions\/1312"}],"wp:attachment":[{"href":"https:\/\/shop.stpt99.com\/index.php\/wp-json\/wp\/v2\/media?parent=499"}],"curies":[{"name":"wp","href":"https:\/\/api.w.org\/{rel}","templated":true}]}}